{"id":64,"date":"2025-07-08T15:41:34","date_gmt":"2025-07-08T13:41:34","guid":{"rendered":"https:\/\/feinklang.be\/?page_id=64"},"modified":"2025-08-28T09:47:14","modified_gmt":"2025-08-28T07:47:14","slug":"contact","status":"publish","type":"page","link":"https:\/\/feinklang.be\/fr\/contact\/","title":{"rendered":"Contact"},"content":{"rendered":"<section class=\"hero-section section bottom-margin-small\">\n\n    <div class=\"section-inner page-title\">\n\n        <div class=\"wrapper\">\n\n            <div class=\"grid-row\">\n                <div class=\"col-s1e4 page-title-image\">\n                    \n    <div class=\"h6 page-title-intro\" aria-label=\"Lassen Sie uns Ihre R\u00e4ume neu denken\">\n                        <span class=\"h-inner split-lines do-anim\">Repensons ensemble <br \/>\r\nvos espaces<\/span>\n    <\/div>\n\n\n                                    <\/div>\n                \n                    <div class=\"col-s1e12\">\n                        \n    <h1 class=\"h1\" aria-label=\"Vous avez un projet en t\u00eate ou souhaitez r\u00e9am\u00e9nager votre espace de vie ou de travail?\">\n                        <span class=\"indent indent-large\"><\/span><span class=\"h-inner split-lines do-anim\">Vous avez un projet en t\u00eate ou souhaitez r\u00e9am\u00e9nager votre espace de vie ou de travail?<\/span>\n    <\/h1>\n\n\n                    <\/div>\n                \n                \n            <\/div>\n\n        <\/div>\n\n    <\/div>\n\n<\/section>\n\n\n\n\n<section class=\"textmedia-section section bottom-margin-small\">\n\n    <div class=\"section-inner\">\n\n        <div class=\"wrapper\">\n\n            \n            <div class=\"grid-row\">\n                <div class=\"col-s1e3\">\n                                        \n                    <p>Que ce soit pour me faire part de vos premi\u00e8res id\u00e9es, de vos projets concrets ou simplement de votre envie de changement, n'h\u00e9sitez pas \u00e0 m'\u00e9crire ou \u00e0 m'appeler.<\/p>\n                <\/div>\n\n\n                <div class=\"col-s5e8\">\n                    <p>feinklang<br \/>\nRodter Stra\u00dfe 45 F<br \/>\n4780 Sankt Vith<br \/>\nBelgique<\/p>\n<p><a class=\"btn btn\" href=\"mailto:hallo@feinklang.be\" target=\"_self\"><span class=\"btn-text\">hallo@feinklang.be<\/span><\/a><br \/>\n<a class=\"btn btn\" href=\"tel:+32472077028\" target=\"_self\"><span class=\"btn-text\">+32 (0)472 07 70 28<\/span><\/a><\/p>\n                <\/div>\n\n                \n                            <\/div>\n\n        <\/div>\n\n    <\/div>\n\n<\/section>","protected":false},"excerpt":{"rendered":"","protected":false},"author":1,"featured_media":0,"parent":0,"menu_order":0,"comment_status":"closed","ping_status":"closed","template":"","meta":{"_acf_changed":false,"footnotes":""},"class_list":["post-64","page","type-page","status-publish","hentry"],"acf":[],"_links":{"self":[{"href":"https:\/\/feinklang.be\/fr\/wp-json\/wp\/v2\/pages\/64","targetHints":{"allow":["GET"]}}],"collection":[{"href":"https:\/\/feinklang.be\/fr\/wp-json\/wp\/v2\/pages"}],"about":[{"href":"https:\/\/feinklang.be\/fr\/wp-json\/wp\/v2\/types\/page"}],"author":[{"embeddable":true,"href":"https:\/\/feinklang.be\/fr\/wp-json\/wp\/v2\/users\/1"}],"replies":[{"embeddable":true,"href":"https:\/\/feinklang.be\/fr\/wp-json\/wp\/v2\/comments?post=64"}],"version-history":[{"count":11,"href":"https:\/\/feinklang.be\/fr\/wp-json\/wp\/v2\/pages\/64\/revisions"}],"predecessor-version":[{"id":283,"href":"https:\/\/feinklang.be\/fr\/wp-json\/wp\/v2\/pages\/64\/revisions\/283"}],"wp:attachment":[{"href":"https:\/\/feinklang.be\/fr\/wp-json\/wp\/v2\/media?parent=64"}],"curies":[{"name":"wp","href":"https:\/\/api.w.org\/{rel}","templated":true}]}}