{"id":62,"date":"2025-07-08T15:41:24","date_gmt":"2025-07-08T13:41:24","guid":{"rendered":"https:\/\/feinklang.be\/?page_id=62"},"modified":"2025-08-28T09:48:00","modified_gmt":"2025-08-28T07:48:00","slug":"projets","status":"publish","type":"page","link":"https:\/\/feinklang.be\/fr\/projets\/","title":{"rendered":"Projets"},"content":{"rendered":"<section class=\"hero-section section bottom-margin-default\">\n\n    <div class=\"section-inner page-title\">\n\n        <div class=\"wrapper\">\n\n            <div class=\"grid-row\">\n                <div class=\"col-s1e4 page-title-image\">\n                    \n    <div class=\"h6 page-title-intro\" aria-label=\"Noch ein bisschen Geduld\">\n                        <span class=\"h-inner split-lines do-anim\">Encore un <br \/>\r\npeu de patience <\/span>\n    <\/div>\n\n\n                                            \n<div class=\"fs-media fs-media-ratio-7-8 do-anim\">\n    <div class=\"fs-media-item\">\n        <div class=\"fs-media-item-inner\">\n            <img class=\"phat-parallax\" src=\"https:\/\/feinklang.be\/wp-content\/uploads\/2025\/08\/florence-mood-6-768x1152.webp\" srcset=\"https:\/\/feinklang.be\/wp-content\/uploads\/2025\/08\/florence-mood-6-768x1152.webp 768w, https:\/\/feinklang.be\/wp-content\/uploads\/2025\/08\/florence-mood-6-512x768.webp 512w\"  width=\"768\" height=\"1152\" alt=\"florence-mood-6\" decoding=\"async\" loading=\"lazy\" >        <\/div>\n    <\/div>\n<\/div>\n                                    <\/div>\n                \n                    <div class=\"col-s1e12\">\n                        \n    <h1 class=\"h1\" aria-label=\"Il y aura bient\u00f4t plus \u00e0 voir. Mes projets sont encore en cours d&#039;\u00e9laboration.\">\n                        <span class=\"indent indent-large\"><\/span><span class=\"h-inner split-lines do-anim\">Il y aura bient\u00f4t plus \u00e0 voir. Mes projets sont encore en cours d'\u00e9laboration.<\/span>\n    <\/h1>\n\n\n                    <\/div>\n                \n                \n            <\/div>\n\n        <\/div>\n\n    <\/div>\n\n<\/section>","protected":false},"excerpt":{"rendered":"","protected":false},"author":1,"featured_media":0,"parent":0,"menu_order":0,"comment_status":"closed","ping_status":"closed","template":"","meta":{"_acf_changed":false,"footnotes":""},"class_list":["post-62","page","type-page","status-publish","hentry"],"acf":[],"_links":{"self":[{"href":"https:\/\/feinklang.be\/fr\/wp-json\/wp\/v2\/pages\/62","targetHints":{"allow":["GET"]}}],"collection":[{"href":"https:\/\/feinklang.be\/fr\/wp-json\/wp\/v2\/pages"}],"about":[{"href":"https:\/\/feinklang.be\/fr\/wp-json\/wp\/v2\/types\/page"}],"author":[{"embeddable":true,"href":"https:\/\/feinklang.be\/fr\/wp-json\/wp\/v2\/users\/1"}],"replies":[{"embeddable":true,"href":"https:\/\/feinklang.be\/fr\/wp-json\/wp\/v2\/comments?post=62"}],"version-history":[{"count":8,"href":"https:\/\/feinklang.be\/fr\/wp-json\/wp\/v2\/pages\/62\/revisions"}],"predecessor-version":[{"id":284,"href":"https:\/\/feinklang.be\/fr\/wp-json\/wp\/v2\/pages\/62\/revisions\/284"}],"wp:attachment":[{"href":"https:\/\/feinklang.be\/fr\/wp-json\/wp\/v2\/media?parent=62"}],"curies":[{"name":"wp","href":"https:\/\/api.w.org\/{rel}","templated":true}]}}