{"id":60,"date":"2025-07-08T15:41:13","date_gmt":"2025-07-08T13:41:13","guid":{"rendered":"https:\/\/feinklang.be\/?page_id=60"},"modified":"2025-08-28T09:48:22","modified_gmt":"2025-08-28T07:48:22","slug":"philosophie","status":"publish","type":"page","link":"https:\/\/feinklang.be\/fr\/philosophie\/","title":{"rendered":"Philosophie"},"content":{"rendered":"<section class=\"hero-section section bottom-margin-small\">\n\n    <div class=\"section-inner page-title\">\n\n        <div class=\"wrapper\">\n\n            <div class=\"grid-row\">\n                <div class=\"col-s1e4 page-title-image\">\n                    \n    <div class=\"h6 page-title-intro\" aria-label=\"Der Einklang zwischenMensch, Raum und Material\">\n                        <span class=\"h-inner split-lines do-anim\">L'harmonie entre l'humain,<br \/>\r\nl'espace et les mat\u00e9riaux<\/span>\n    <\/div>\n\n\n                                            \n<div class=\"fs-media fs-media-ratio-7-8 do-anim\">\n    <div class=\"fs-media-item\">\n        <div class=\"fs-media-item-inner\">\n            <img class=\"phat-parallax\" src=\"https:\/\/feinklang.be\/wp-content\/uploads\/2025\/08\/florence-mood-4-768x512.webp\" srcset=\"https:\/\/feinklang.be\/wp-content\/uploads\/2025\/08\/florence-mood-4-768x512.webp 768w, https:\/\/feinklang.be\/wp-content\/uploads\/2025\/08\/florence-mood-4-512x341.webp 512w\"  width=\"768\" height=\"512\" alt=\"florence-mood-4\" decoding=\"async\" loading=\"lazy\" >        <\/div>\n    <\/div>\n<\/div>\n                                    <\/div>\n                \n                    <div class=\"col-s1e12\">\n                        \n    <h1 class=\"h1\" aria-label=\"La sensibilit\u00e9, la pr\u00e9cision et l&#039;amour du d\u00e9tail donnent naissance \u00e0 de merveilleux projets.\">\n                        <span class=\"indent indent-large\"><\/span><span class=\"h-inner split-lines do-anim\">La sensibilit\u00e9, la pr\u00e9cision et l'amour du d\u00e9tail donnent naissance \u00e0 de merveilleux projets.<\/span>\n    <\/h1>\n\n\n                    <\/div>\n                \n                \n            <\/div>\n\n        <\/div>\n\n    <\/div>\n\n<\/section>\n\n\n\n\n<section class=\"infoboxes-section section\">\n\n    <div class=\"section-inner\">\n\n        <div class=\"wrapper\">\n\n            <div class=\"grid-row\">\n                <div class=\"col-s1e12\">\n                    \n    <h2 class=\"h1\" aria-label=\"Valeurs\">\n                        <span class=\"indent indent-large\"><\/span><span class=\"h-inner\">Valeurs<\/span>\n    <\/h2>\n\n\n                <\/div>\n            <\/div>\n\n            <div class=\"grid-row\">\n                <div class=\"col-s5e12\">\n                    <ul class=\"infoboxes\">\n                                            <li>\n                            <h3 class=\"h6\"><strong>Confiance<\/strong><\/h3>\n                            <p>La premi\u00e8re \u00e9tape de mon travail commence par le contact avec les personnes. La compr\u00e9hension et le respect des souhaits et des besoins du client constituent la base sur laquelle la confiance peut se d\u00e9velopper. Une relation de confiance entre le ma\u00eetre d'ouvrage et l'architecte d'int\u00e9rieur permet une collaboration solide et conduit \u00e0 de bons r\u00e9sultats, de la planification \u00e0 la r\u00e9alisation de l'int\u00e9rieur.<\/p>\n                        <\/li>\n                                            <li>\n                            <h3 class=\"h6\"><strong>Authenticit\u00e9<\/strong><\/h3>\n                            <p>Le ma\u00eetre d'ouvrage m\u00e9rite un projet trait\u00e9 de mani\u00e8re r\u00e9fl\u00e9chie, honn\u00eate, coh\u00e9rente et sinc\u00e8re. En collaboration avec des artisans fiables qui travaillent avec des mat\u00e9riaux durables et font preuve d'un grand savoir-faire, votre projet se d\u00e9roulera comme pr\u00e9vu, de A \u00e0 Z.<\/p>\n                        <\/li>\n                                            <li>\n                            <h3 class=\"h6\"><strong>Comp\u00e9tence<\/strong><\/h3>\n                            <p>Chaque nouveau d\u00e9fi permet d'enrichir notre exp\u00e9rience. Cela nous permet d'acqu\u00e9rir les connaissances et les comp\u00e9tences n\u00e9cessaires pour mener \u00e0 bien nos projets. L'apprentissage continu est un \u00e9l\u00e9ment essentiel dans ce processus.<\/p>\n                        <\/li>\n                                            <li>\n                            <h3 class=\"h6\"><strong>Passion<\/strong><\/h3>\n                            <p>Ma passion et le plaisir que je prends \u00e0 r\u00e9aliser mon travail me permettent de cr\u00e9er des int\u00e9rieurs qui cr\u00e9ent un lien personnel entre le client et son projet. Mon objectif est que le client se sente bien dans son int\u00e9rieur.<\/p>\n                        <\/li>\n                                        <\/ul>\n\n                <\/div>\n            <\/div>\n\n        <\/div>\n\n    <\/div>\n\n<\/section>\n\n\n\n\n<section class=\"image-section section bottom-margin-default\">\n\n    <div class=\"section-inner\">\n\n        <div class=\"wrapper\">\n\n            \n<div class=\"fs-media fs-media-ratio-auto\">\n    <div class=\"fs-media-item\">\n        <div class=\"fs-media-item-inner\">\n            <img class=\"phat-parallax\" src=\"https:\/\/feinklang.be\/wp-content\/uploads\/2025\/08\/florence-mood-5.webp\" srcset=\"https:\/\/feinklang.be\/wp-content\/uploads\/2025\/08\/florence-mood-5.webp 1680w, https:\/\/feinklang.be\/wp-content\/uploads\/2025\/08\/florence-mood-5-1440x960.webp 1440w, https:\/\/feinklang.be\/wp-content\/uploads\/2025\/08\/florence-mood-5-1024x683.webp 1024w, https:\/\/feinklang.be\/wp-content\/uploads\/2025\/08\/florence-mood-5-768x512.webp 768w, https:\/\/feinklang.be\/wp-content\/uploads\/2025\/08\/florence-mood-5-512x341.webp 512w\"  width=\"1920\" height=\"1280\" alt=\"florence-mood-5\" decoding=\"async\" loading=\"lazy\" >        <\/div>\n    <\/div>\n<\/div>\n\n        <\/div>\n\n    <\/div>\n\n<\/section>\n\n\n\n\n<section class=\"textmedia-section section bottom-margin-default\">\n\n    <div class=\"section-inner\">\n\n        <div class=\"wrapper\">\n\n                        <div class=\"grid-row\">\n                <div class=\"col-s1e12\">\n                    \n    <h2 class=\"h1\" aria-label=\"On me demande souvent quel est mon style.\">\n                        <span class=\"indent indent-full\"><\/span><span class=\"h-inner\">On me demande souvent quel est mon style.<\/span>\n    <\/h2>\n\n\n                <\/div>\n            <\/div>\n            \n            <div class=\"grid-row\">\n                <div class=\"col-s1e3\">\n                                        \n                                    <\/div>\n\n\n                <div class=\"col-s5e8\">\n                    <p>Je r\u00e9ponds volontiers que l'architecture d'int\u00e9rieur offre de nombreux styles et facettes. J'adapte le style \u00e0 chaque client, en fonction de la personne, de l'espace et des mat\u00e9riaux appropri\u00e9s. Gr\u00e2ce \u00e0 ma mani\u00e8re personnelle d\u2019imaginer, j'apporte ma touche personnelle \u00e0 l'ensemble.<\/p>\n<p>Mon travail consiste \u00e0 pouvoir m'adapter \u00e0 tous les styles, avec une condition pr\u00e9alable importante pour moi : je cr\u00e9e des concepts comme je les concevrais pour moi-m\u00eame.<\/p>\n<p>Une image simple pour illustrer cela : c'est comme en cuisine \u2013 je pr\u00e9pare un plat qui pla\u00eet \u00e0 mes invit\u00e9s et \u00e0 moi-m\u00eame.<\/p>\n                <\/div>\n\n                \n                            <\/div>\n\n        <\/div>\n\n    <\/div>\n\n<\/section>","protected":false},"excerpt":{"rendered":"","protected":false},"author":1,"featured_media":0,"parent":0,"menu_order":0,"comment_status":"closed","ping_status":"closed","template":"","meta":{"_acf_changed":false,"footnotes":""},"class_list":["post-60","page","type-page","status-publish","hentry"],"acf":[],"_links":{"self":[{"href":"https:\/\/feinklang.be\/fr\/wp-json\/wp\/v2\/pages\/60","targetHints":{"allow":["GET"]}}],"collection":[{"href":"https:\/\/feinklang.be\/fr\/wp-json\/wp\/v2\/pages"}],"about":[{"href":"https:\/\/feinklang.be\/fr\/wp-json\/wp\/v2\/types\/page"}],"author":[{"embeddable":true,"href":"https:\/\/feinklang.be\/fr\/wp-json\/wp\/v2\/users\/1"}],"replies":[{"embeddable":true,"href":"https:\/\/feinklang.be\/fr\/wp-json\/wp\/v2\/comments?post=60"}],"version-history":[{"count":23,"href":"https:\/\/feinklang.be\/fr\/wp-json\/wp\/v2\/pages\/60\/revisions"}],"predecessor-version":[{"id":285,"href":"https:\/\/feinklang.be\/fr\/wp-json\/wp\/v2\/pages\/60\/revisions\/285"}],"wp:attachment":[{"href":"https:\/\/feinklang.be\/fr\/wp-json\/wp\/v2\/media?parent=60"}],"curies":[{"name":"wp","href":"https:\/\/api.w.org\/{rel}","templated":true}]}}