{"id":3,"date":"2025-06-04T15:08:17","date_gmt":"2025-06-04T13:08:17","guid":{"rendered":"https:\/\/feinklang.be\/?page_id=3"},"modified":"2025-08-19T09:46:58","modified_gmt":"2025-08-19T07:46:58","slug":"confidentialite","status":"publish","type":"page","link":"https:\/\/feinklang.be\/fr\/confidentialite\/","title":{"rendered":"Politique de confidentialit\u00e9"},"content":{"rendered":"<section class=\"hero-section section bottom-margin-small\">\n\n    <div class=\"section-inner page-title\">\n\n        <div class=\"wrapper\">\n\n            <div class=\"grid-row\">\n                <div class=\"col-s1e4 page-title-image\">\n                    \n\n\n                                    <\/div>\n                \n                    <div class=\"col-s1e12\">\n                        \n    <h1 class=\"h1\" aria-label=\"Politique de confidentialit\u00e9\">\n                        <span class=\"indent indent-full\"><\/span><span class=\"h-inner split-lines do-anim\">Politique de confidentialit\u00e9 <\/span>\n    <\/h1>\n\n\n                    <\/div>\n                \n                \n            <\/div>\n\n        <\/div>\n\n    <\/div>\n\n<\/section>\n\n\n\n\n<section class=\"textmedia-section section bottom-margin-small\">\n\n    <div class=\"section-inner\">\n\n        <div class=\"wrapper\">\n\n                        <div class=\"grid-row\">\n                <div class=\"col-s1e12\">\n                    \n    <h2 class=\"h3\" aria-label=\"Collecte et stockage des donn\u00e9es \u00e0 caract\u00e8re personnel\">\n                        <span class=\"indent indent-full\"><\/span><span class=\"h-inner\">Collecte et stockage des donn\u00e9es \u00e0 caract\u00e8re personnel<\/span>\n    <\/h2>\n\n\n                <\/div>\n            <\/div>\n            \n            <div class=\"grid-row\">\n                <div class=\"col-s1e3\">\n                                        \n                                    <\/div>\n\n\n                <div class=\"col-s5e12\">\n                    <p>Lorsque vous visitez le site web, seules les donn\u00e9es personnelles que votre navigateur transmet au serveur sont collect\u00e9es. Cela comprend :<\/p>\n<ul>\n<li>Adresse IP<\/li>\n<li>Date et heure de la demande<\/li>\n<li>Contenu de la demande (page concr\u00e8te)<\/li>\n<li>Statut d'acc\u00e8s\/code de statut HTTP<\/li>\n<li>Type et version du navigateur<\/li>\n<li>Syst\u00e8me d'exploitation<\/li>\n<li>URL de r\u00e9f\u00e9rence (la page visit\u00e9e pr\u00e9c\u00e9demment)<\/li>\n<li>Nom d'h\u00f4te de l'ordinateur acc\u00e9dant<\/li>\n<\/ul>\n<p>Ces donn\u00e9es sont techniquement n\u00e9cessaires pour vous permettre d'afficher le site web et pour garantir sa stabilit\u00e9 et sa s\u00e9curit\u00e9.<\/p>\n                <\/div>\n\n                \n                            <\/div>\n\n        <\/div>\n\n    <\/div>\n\n<\/section>\n\n\n\n\n<section class=\"textmedia-section section bottom-margin-small\">\n\n    <div class=\"section-inner\">\n\n        <div class=\"wrapper\">\n\n                        <div class=\"grid-row\">\n                <div class=\"col-s1e12\">\n                    \n    <h2 class=\"h3\" aria-label=\"Cookies\">\n                        <span class=\"indent indent-full\"><\/span><span class=\"h-inner\">Cookies<\/span>\n    <\/h2>\n\n\n                <\/div>\n            <\/div>\n            \n            <div class=\"grid-row\">\n                <div class=\"col-s1e3\">\n                                        \n                                    <\/div>\n\n\n                <div class=\"col-s5e12\">\n                    <p>Ce site web utilise des cookies. Il s'agit de petits fichiers texte qui sont enregistr\u00e9s sur votre terminal. Certains cookies sont n\u00e9cessaires pour garantir le bon fonctionnement du site web, d'autres servent \u00e0 analyser le comportement des utilisateurs. Vous pouvez \u00e0 tout moment emp\u00eacher l'installation de cookies dans les param\u00e8tres de votre navigateur ou supprimer les cookies d\u00e9j\u00e0 enregistr\u00e9s. Cela peut toutefois entra\u00eener une limitation ou une indisponibilit\u00e9 de certaines fonctionnalit\u00e9s du site web.<\/p>\n                <\/div>\n\n                \n                            <\/div>\n\n        <\/div>\n\n    <\/div>\n\n<\/section>\n\n\n\n\n<section class=\"textmedia-section section bottom-margin-small\">\n\n    <div class=\"section-inner\">\n\n        <div class=\"wrapper\">\n\n                        <div class=\"grid-row\">\n                <div class=\"col-s1e12\">\n                    \n    <h2 class=\"h3\" aria-label=\"Finalit\u00e9 du traitement des donn\u00e9es\">\n                        <span class=\"indent indent-full\"><\/span><span class=\"h-inner\">Finalit\u00e9 du traitement des donn\u00e9es<\/span>\n    <\/h2>\n\n\n                <\/div>\n            <\/div>\n            \n            <div class=\"grid-row\">\n                <div class=\"col-s1e3\">\n                                        \n                                    <\/div>\n\n\n                <div class=\"col-s5e12\">\n                    <p>Vos donn\u00e9es sont trait\u00e9es afin de :<\/p>\n<ul>\n<li>assurer le bon fonctionnement du site web,<\/li>\n<li>am\u00e9liorer la convivialit\u00e9 du site web<\/li>\n<li>d\u00e9tecter et corriger les \u00e9ventuelles perturbations.<\/li>\n<\/ul>\n                <\/div>\n\n                \n                            <\/div>\n\n        <\/div>\n\n    <\/div>\n\n<\/section>\n\n\n\n\n<section class=\"textmedia-section section bottom-margin-small\">\n\n    <div class=\"section-inner\">\n\n        <div class=\"wrapper\">\n\n                        <div class=\"grid-row\">\n                <div class=\"col-s1e12\">\n                    \n    <h2 class=\"h3\" aria-label=\"Transmission des donn\u00e9es\">\n                        <span class=\"indent indent-full\"><\/span><span class=\"h-inner\">Transmission des donn\u00e9es<\/span>\n    <\/h2>\n\n\n                <\/div>\n            <\/div>\n            \n            <div class=\"grid-row\">\n                <div class=\"col-s1e3\">\n                                        \n                                    <\/div>\n\n\n                <div class=\"col-s5e12\">\n                    <p>Vos donn\u00e9es \u00e0 caract\u00e8re personnel ne seront transmises \u00e0 des tiers que dans les cas suivants:<\/p>\n<ul>\n<li>vous avez donn\u00e9 votre consentement explicite (art. 6, al. 1, let. a RGPD),<\/li>\n<li>cela est l\u00e9galement autoris\u00e9 et n\u00e9cessaire (par exemple pour remplir des obligations contractuelles),<\/li>\n<li>j'y suis l\u00e9galement tenu.<\/li>\n<\/ul>\n                <\/div>\n\n                \n                            <\/div>\n\n        <\/div>\n\n    <\/div>\n\n<\/section>\n\n\n\n\n<section class=\"textmedia-section section bottom-margin-small\">\n\n    <div class=\"section-inner\">\n\n        <div class=\"wrapper\">\n\n                        <div class=\"grid-row\">\n                <div class=\"col-s1e12\">\n                    \n    <h2 class=\"h3\" aria-label=\"Droits des personnes concern\u00e9es\">\n                        <span class=\"indent indent-full\"><\/span><span class=\"h-inner\">Droits des personnes concern\u00e9es<\/span>\n    <\/h2>\n\n\n                <\/div>\n            <\/div>\n            \n            <div class=\"grid-row\">\n                <div class=\"col-s1e3\">\n                                        \n                                    <\/div>\n\n\n                <div class=\"col-s5e12\">\n                    <p>Vous avez le droit:<\/p>\n<ul>\n<li>Demander des informations sur vos donn\u00e9es personnelles trait\u00e9es,<\/li>\n<li>exiger sans d\u00e9lai la rectification des donn\u00e9es \u00e0 caract\u00e8re personnel enregistr\u00e9es vous concernant qui sont inexactes ou incompl\u00e8tes,<\/li>\n<li>demander la suppression de vos donn\u00e9es personnelles enregistr\u00e9es<\/li>\n<li>de demander la limitation du traitement de vos donn\u00e9es \u00e0 caract\u00e8re personnel,<\/li>\n<li>d'obtenir vos donn\u00e9es \u00e0 caract\u00e8re personnel dans un format structur\u00e9, couramment utilis\u00e9 et lisible par machine ou d'exiger leur transfert \u00e0 un autre responsable du traitement,<\/li>\n<li>de vous opposer au traitement.<\/li>\n<\/ul>\n<p>Pour exercer vos droits, veuillez vous adresser \u00e0 l'adresse de contact mentionn\u00e9e ci-dessus.<\/p>\n                <\/div>\n\n                \n                            <\/div>\n\n        <\/div>\n\n    <\/div>\n\n<\/section>\n\n\n\n\n<section class=\"textmedia-section section bottom-margin-small\">\n\n    <div class=\"section-inner\">\n\n        <div class=\"wrapper\">\n\n                        <div class=\"grid-row\">\n                <div class=\"col-s1e12\">\n                    \n    <h2 class=\"h3\" aria-label=\"S\u00e9curit\u00e9 des donn\u00e9es\">\n                        <span class=\"indent indent-full\"><\/span><span class=\"h-inner\">S\u00e9curit\u00e9 des donn\u00e9es<\/span>\n    <\/h2>\n\n\n                <\/div>\n            <\/div>\n            \n            <div class=\"grid-row\">\n                <div class=\"col-s1e3\">\n                                        \n                                    <\/div>\n\n\n                <div class=\"col-s5e12\">\n                    <p>Des mesures techniques et organisationnelles sont mises en \u0153uvre pour prot\u00e9ger vos donn\u00e9es contre toute manipulation, perte ou acc\u00e8s non autoris\u00e9. Ces mesures sont r\u00e9guli\u00e8rement contr\u00f4l\u00e9es et adapt\u00e9es en fonction des \u00e9volutions technologiques.<\/p>\n                <\/div>\n\n                \n                            <\/div>\n\n        <\/div>\n\n    <\/div>\n\n<\/section>\n\n\n\n\n<section class=\"textmedia-section section bottom-margin-small\">\n\n    <div class=\"section-inner\">\n\n        <div class=\"wrapper\">\n\n                        <div class=\"grid-row\">\n                <div class=\"col-s1e12\">\n                    \n    <h2 class=\"h3\" aria-label=\"Modification de la politique de confidentialit\u00e9\">\n                        <span class=\"indent indent-full\"><\/span><span class=\"h-inner\">Modification de la politique de confidentialit\u00e9<\/span>\n    <\/h2>\n\n\n                <\/div>\n            <\/div>\n            \n            <div class=\"grid-row\">\n                <div class=\"col-s1e3\">\n                                        \n                                    <\/div>\n\n\n                <div class=\"col-s5e12\">\n                    <p>Nous nous r\u00e9servons le droit de modifier la pr\u00e9sente d\u00e9claration de confidentialit\u00e9 afin de toujours respecter les exigences l\u00e9gales en vigueur ou de mettre en \u0153uvre des modifications apport\u00e9es aux prestations.<\/p>\n                <\/div>\n\n                \n                            <\/div>\n\n        <\/div>\n\n    <\/div>\n\n<\/section>","protected":false},"excerpt":{"rendered":"","protected":false},"author":1,"featured_media":0,"parent":0,"menu_order":0,"comment_status":"closed","ping_status":"open","template":"","meta":{"_acf_changed":false,"footnotes":""},"class_list":["post-3","page","type-page","status-publish","hentry"],"acf":[],"_links":{"self":[{"href":"https:\/\/feinklang.be\/fr\/wp-json\/wp\/v2\/pages\/3","targetHints":{"allow":["GET"]}}],"collection":[{"href":"https:\/\/feinklang.be\/fr\/wp-json\/wp\/v2\/pages"}],"about":[{"href":"https:\/\/feinklang.be\/fr\/wp-json\/wp\/v2\/types\/page"}],"author":[{"embeddable":true,"href":"https:\/\/feinklang.be\/fr\/wp-json\/wp\/v2\/users\/1"}],"replies":[{"embeddable":true,"href":"https:\/\/feinklang.be\/fr\/wp-json\/wp\/v2\/comments?post=3"}],"version-history":[{"count":10,"href":"https:\/\/feinklang.be\/fr\/wp-json\/wp\/v2\/pages\/3\/revisions"}],"predecessor-version":[{"id":265,"href":"https:\/\/feinklang.be\/fr\/wp-json\/wp\/v2\/pages\/3\/revisions\/265"}],"wp:attachment":[{"href":"https:\/\/feinklang.be\/fr\/wp-json\/wp\/v2\/media?parent=3"}],"curies":[{"name":"wp","href":"https:\/\/api.w.org\/{rel}","templated":true}]}}