{"id":2,"date":"2025-06-04T15:08:17","date_gmt":"2025-06-04T13:08:17","guid":{"rendered":"https:\/\/feinklang.be\/?page_id=2"},"modified":"2025-10-21T13:41:05","modified_gmt":"2025-10-21T11:41:05","slug":"a-propos","status":"publish","type":"page","link":"https:\/\/feinklang.be\/fr\/","title":{"rendered":"A propos"},"content":{"rendered":"<section class=\"hero-section section bottom-margin-default\">\n\n    <div class=\"section-inner page-title\">\n\n        <div class=\"wrapper\">\n\n            <div class=\"grid-row\">\n                <div class=\"col-s1e4 page-title-image\">\n                    \n    <div class=\"h6 page-title-intro\" aria-label=\"Florence TheissenInnenarchitektur\">\n                        <span class=\"h-inner split-lines do-anim\"><strong>Florence Theissen<\/strong><br \/>\r\nArchitecture d'int\u00e9rieur<\/span>\n    <\/div>\n\n\n                                            \n<div class=\"fs-media fs-media-ratio-7-8 do-anim\">\n    <div class=\"fs-media-item\">\n        <div class=\"fs-media-item-inner\">\n            <img class=\"phat-parallax\" src=\"https:\/\/feinklang.be\/wp-content\/uploads\/2025\/07\/florence-1-768x997.webp\" srcset=\"https:\/\/feinklang.be\/wp-content\/uploads\/2025\/07\/florence-1-768x997.webp 768w, https:\/\/feinklang.be\/wp-content\/uploads\/2025\/07\/florence-1-512x665.webp 512w\"  width=\"768\" height=\"997\" alt=\"florence-1\" decoding=\"async\" loading=\"lazy\" >        <\/div>\n    <\/div>\n<\/div>\n                                    <\/div>\n                \n                    <div class=\"col-s1e12\">\n                        \n    <h1 class=\"h1\" aria-label=\"Tout en finesse et sensibilit\u00e9, je con\u00e7ois des espaces personnels qui allient fonctionnalit\u00e9 et esth\u00e9tique.\">\n                        <span class=\"indent indent-large\"><\/span><span class=\"h-inner split-lines do-anim\">Tout en finesse et sensibilit\u00e9, je con\u00e7ois des espaces personnels qui allient fonctionnalit\u00e9 et esth\u00e9tique.<\/span>\n    <\/h1>\n\n\n                    <\/div>\n                \n                \n            <\/div>\n\n        <\/div>\n\n    <\/div>\n\n<\/section>\n\n\n\n\n<section class=\"textmedia-section section bottom-margin-default history-section\">\n\n    <div class=\"section-inner\">\n\n        <div class=\"wrapper\">\n\n            \n            <div class=\"grid-row\">\n                <div class=\"col-s1e3\">\n                    <p>En 2011, j'ai obtenu mon master en architecture d'int\u00e9rieur \u00e0 l'ESA Saint-Luc Li\u00e8ge. Depuis, j'ai pu acqu\u00e9rir une exp\u00e9rience vari\u00e9e, allant de l'architecture d'int\u00e9rieur \u00e0 l'architecture en passant par l'artisanat dans le domaine de l'am\u00e9nagement int\u00e9rieur.<\/p>\n<p>En 2025, la cr\u00e9ation de mon propre cabinet d'architecture d'int\u00e9rieur feinklang concr\u00e9tise un r\u00eave de longue date, o\u00f9 les bonnes id\u00e9es, la conception claire et la planification minutieuse se rencontrent.<\/p>\n                    \n                                    <\/div>\n\n\n                <div class=\"col-s5e12\">\n                                            <div class=\"odd-gallery\">\n                            \n<div class=\"fs-media fs-media-ratio-1-1\">\n    <div class=\"fs-media-item\">\n        <div class=\"fs-media-item-inner\">\n            <img class=\"phat-parallax\" src=\"https:\/\/feinklang.be\/wp-content\/uploads\/2025\/07\/florence-mood-1-1024x1536.webp\" srcset=\"https:\/\/feinklang.be\/wp-content\/uploads\/2025\/07\/florence-mood-1-1024x1536.webp 1024w, https:\/\/feinklang.be\/wp-content\/uploads\/2025\/07\/florence-mood-1-768x1152.webp 768w, https:\/\/feinklang.be\/wp-content\/uploads\/2025\/07\/florence-mood-1-512x768.webp 512w\"  width=\"1024\" height=\"1536\" alt=\"florence-mood-1\" decoding=\"async\" loading=\"lazy\" >        <\/div>\n    <\/div>\n<\/div>\n\n<div class=\"fs-media fs-media-ratio-auto\">\n    <div class=\"fs-media-item\">\n        <div class=\"fs-media-item-inner\">\n            <img class=\"phat-parallax\" src=\"https:\/\/feinklang.be\/wp-content\/uploads\/2025\/07\/florence-2-512x341.webp\" srcset=\"https:\/\/feinklang.be\/wp-content\/uploads\/2025\/07\/florence-2-512x341.webp 512w\"  width=\"512\" height=\"341\" alt=\"florence-2\" decoding=\"async\" loading=\"lazy\" >        <\/div>\n    <\/div>\n<\/div>\n                        <\/div>\n                                    <\/div>\n\n                \n                            <\/div>\n\n        <\/div>\n\n    <\/div>\n\n<\/section>\n\n\n\n\n<section class=\"infoboxes-section section\">\n\n    <div class=\"section-inner\">\n\n        <div class=\"wrapper\">\n\n            <div class=\"grid-row\">\n                <div class=\"col-s1e12\">\n                    \n    <h2 class=\"h1\" aria-label=\"Au fil des ans, j&#039;ai accompagn\u00e9 de nombreux projets dans les domaines de l&#039;architecture d&#039;int\u00e9rieur, de l&#039;architecture et de l&#039;am\u00e9nagement int\u00e9rieur.\">\n                        <span class=\"indent indent-large\"><\/span><span class=\"h-inner\">Au fil des ans, j'ai accompagn\u00e9 de nombreux projets dans les domaines de l'architecture d'int\u00e9rieur, de l'architecture et de l'am\u00e9nagement int\u00e9rieur.<\/span>\n    <\/h2>\n\n\n                <\/div>\n            <\/div>\n\n            <div class=\"grid-row\">\n                <div class=\"col-s5e12\">\n                    <ul class=\"infoboxes\">\n                                            <li>\n                            <h3 class=\"h6\"><strong>Architecture d'int\u00e9rieur<\/strong><\/h3>\n                            <p>Ma passion pour ce m\u00e9tier m'a amen\u00e9e \u00e0 me sp\u00e9cialiser dans l'am\u00e9nagement int\u00e9rieur haut de gamme, la conception de concepts globaux harmonieux et l'am\u00e9nagement de pi\u00e8ces individuelles. Les meubles sur mesure jouent souvent un r\u00f4le central dans ce domaine.<\/p>\n                        <\/li>\n                                            <li>\n                            <h3 class=\"h6\"><strong>Architecture<\/strong><\/h3>\n                            <p>En collaboration avec des architectes, j'ai \u00e9galement appris \u00e0 appr\u00e9cier le lien avec l'architecture, en gardant toujours \u00e0 l'esprit l'harmonie de l'ensemble.<\/p>\n                        <\/li>\n                                            <li>\n                            <h3 class=\"h6\"><strong>Am\u00e9nagement int\u00e9rieur<\/strong><\/h3>\n                            <p>Le contact \u00e9troit avec l'artisanat, en particulier la menuiserie, a consid\u00e9rablement influenc\u00e9 mon travail. Ces connaissances me permettent de cr\u00e9er des designs qui sont non seulement esth\u00e9tiques, mais aussi r\u00e9alisables.<\/p>\n                        <\/li>\n                                        <\/ul>\n\n                <\/div>\n            <\/div>\n\n        <\/div>\n\n    <\/div>\n\n<\/section>","protected":false},"excerpt":{"rendered":"","protected":false},"author":1,"featured_media":0,"parent":0,"menu_order":0,"comment_status":"closed","ping_status":"closed","template":"","meta":{"_acf_changed":false,"footnotes":""},"class_list":["post-2","page","type-page","status-publish","hentry"],"acf":[],"_links":{"self":[{"href":"https:\/\/feinklang.be\/fr\/wp-json\/wp\/v2\/pages\/2","targetHints":{"allow":["GET"]}}],"collection":[{"href":"https:\/\/feinklang.be\/fr\/wp-json\/wp\/v2\/pages"}],"about":[{"href":"https:\/\/feinklang.be\/fr\/wp-json\/wp\/v2\/types\/page"}],"author":[{"embeddable":true,"href":"https:\/\/feinklang.be\/fr\/wp-json\/wp\/v2\/users\/1"}],"replies":[{"embeddable":true,"href":"https:\/\/feinklang.be\/fr\/wp-json\/wp\/v2\/comments?post=2"}],"version-history":[{"count":30,"href":"https:\/\/feinklang.be\/fr\/wp-json\/wp\/v2\/pages\/2\/revisions"}],"predecessor-version":[{"id":287,"href":"https:\/\/feinklang.be\/fr\/wp-json\/wp\/v2\/pages\/2\/revisions\/287"}],"wp:attachment":[{"href":"https:\/\/feinklang.be\/fr\/wp-json\/wp\/v2\/media?parent=2"}],"curies":[{"name":"wp","href":"https:\/\/api.w.org\/{rel}","templated":true}]}}