{"id":140,"date":"2025-08-01T09:39:04","date_gmt":"2025-08-01T07:39:04","guid":{"rendered":"https:\/\/feinklang.be\/?page_id=140"},"modified":"2025-08-25T11:14:52","modified_gmt":"2025-08-25T09:14:52","slug":"mentions-legales","status":"publish","type":"page","link":"https:\/\/feinklang.be\/fr\/mentions-legales\/","title":{"rendered":"Mentions l\u00e9gales"},"content":{"rendered":"<section class=\"hero-section section bottom-margin-small\">\n\n    <div class=\"section-inner page-title\">\n\n        <div class=\"wrapper\">\n\n            <div class=\"grid-row\">\n                <div class=\"col-s1e4 page-title-image\">\n                    \n\n\n                                    <\/div>\n                \n                    <div class=\"col-s1e12\">\n                        \n    <h1 class=\"h1\" aria-label=\"Mentions l\u00e9gales\">\n                        <span class=\"indent indent-large\"><\/span><span class=\"h-inner split-lines do-anim\">Mentions l\u00e9gales<\/span>\n    <\/h1>\n\n\n                    <\/div>\n                \n                \n            <\/div>\n\n        <\/div>\n\n    <\/div>\n\n<\/section>\n\n\n\n\n<section class=\"textmedia-section section bottom-margin-small\">\n\n    <div class=\"section-inner\">\n\n        <div class=\"wrapper\">\n\n                        <div class=\"grid-row\">\n                <div class=\"col-s1e12\">\n                    \n    <h2 class=\"h3\" aria-label=\"Responsable des pages et des contenus\">\n                        <span class=\"indent indent-full\"><\/span><span class=\"h-inner\">Responsable des pages et des contenus<\/span>\n    <\/h2>\n\n\n                <\/div>\n            <\/div>\n            \n            <div class=\"grid-row\">\n                <div class=\"col-s1e3\">\n                                        \n                                    <\/div>\n\n\n                <div class=\"col-s5e12\">\n                    <p><strong>Florence Theissen<\/strong><br \/>\nRodter Stra\u00dfe 45F<br \/>\n4780 St.Vith<br \/>\nBelgique<\/p>\n<p>E-Mail: hallo[a]feinklang.be<\/p>\n                <\/div>\n\n                \n                            <\/div>\n\n        <\/div>\n\n    <\/div>\n\n<\/section>\n\n\n\n\n<section class=\"textmedia-section section bottom-margin-small\">\n\n    <div class=\"section-inner\">\n\n        <div class=\"wrapper\">\n\n                        <div class=\"grid-row\">\n                <div class=\"col-s1e12\">\n                    \n    <h2 class=\"h3\" aria-label=\"Webhosting \/ Datacenter\">\n                        <span class=\"indent indent-full\"><\/span><span class=\"h-inner\">Webhosting \/ Datacenter<\/span>\n    <\/h2>\n\n\n                <\/div>\n            <\/div>\n            \n            <div class=\"grid-row\">\n                <div class=\"col-s1e3\">\n                                        \n                                    <\/div>\n\n\n                <div class=\"col-s5e12\">\n                    <p><strong>Ionos<\/strong><br \/>\nElgendorfer Stra\u00dfe 57<br \/>\n56410 Montabaur<br \/>\nAllemagne<\/p>\n                <\/div>\n\n                \n                            <\/div>\n\n        <\/div>\n\n    <\/div>\n\n<\/section>\n\n\n\n\n<section class=\"textmedia-section section bottom-margin-small\">\n\n    <div class=\"section-inner\">\n\n        <div class=\"wrapper\">\n\n                        <div class=\"grid-row\">\n                <div class=\"col-s1e12\">\n                    \n    <h2 class=\"h3\" aria-label=\"Copyright\">\n                        <span class=\"indent indent-full\"><\/span><span class=\"h-inner\">Copyright<\/span>\n    <\/h2>\n\n\n                <\/div>\n            <\/div>\n            \n            <div class=\"grid-row\">\n                <div class=\"col-s1e3\">\n                                        \n                                    <\/div>\n\n\n                <div class=\"col-s5e12\">\n                    <p>Tous les contenus de ce site web (donn\u00e9es, illustrations, images, graphiques, logos, descriptions de produits, etc.) sont prot\u00e9g\u00e9s par le droit d'auteur. Tous les noms de soci\u00e9t\u00e9s et de marques mentionn\u00e9s, ainsi que leurs marques d\u00e9pos\u00e9es, sont la propri\u00e9t\u00e9 de leurs d\u00e9tenteurs et servent uniquement \u00e0 identifier et \u00e0 d\u00e9crire les produits.<\/p>\n                <\/div>\n\n                \n                            <\/div>\n\n        <\/div>\n\n    <\/div>\n\n<\/section>\n\n\n\n\n<section class=\"textmedia-section section bottom-margin-small\">\n\n    <div class=\"section-inner\">\n\n        <div class=\"wrapper\">\n\n                        <div class=\"grid-row\">\n                <div class=\"col-s1e12\">\n                    \n    <h2 class=\"h3\" aria-label=\"Avis de responsabilit\u00e9\">\n                        <span class=\"indent indent-full\"><\/span><span class=\"h-inner\">Avis de responsabilit\u00e9<\/span>\n    <\/h2>\n\n\n                <\/div>\n            <\/div>\n            \n            <div class=\"grid-row\">\n                <div class=\"col-s1e3\">\n                                        \n                                    <\/div>\n\n\n                <div class=\"col-s5e12\">\n                    <p>Toutes les informations contenues dans ce site web ont \u00e9t\u00e9 soigneusement v\u00e9rifi\u00e9es. Toutefois, l'\u00e9diteur d\u00e9cline toute responsabilit\u00e9 quant \u00e0 l'exactitude des informations fournies. Malgr\u00e9 un contr\u00f4le minutieux du contenu, nous d\u00e9clinons toute responsabilit\u00e9 quant au contenu des liens externes. Les exploitants des sites li\u00e9s sont seuls responsables de leur contenu. Si vous remarquez des erreurs ou des informations incorrectes sur ce site web, veuillez-nous en informer par \u00e9crit.<\/p>\n                <\/div>\n\n                \n                            <\/div>\n\n        <\/div>\n\n    <\/div>\n\n<\/section>","protected":false},"excerpt":{"rendered":"","protected":false},"author":1,"featured_media":0,"parent":0,"menu_order":0,"comment_status":"closed","ping_status":"closed","template":"","meta":{"_acf_changed":false,"footnotes":""},"class_list":["post-140","page","type-page","status-publish","hentry"],"acf":[],"_links":{"self":[{"href":"https:\/\/feinklang.be\/fr\/wp-json\/wp\/v2\/pages\/140","targetHints":{"allow":["GET"]}}],"collection":[{"href":"https:\/\/feinklang.be\/fr\/wp-json\/wp\/v2\/pages"}],"about":[{"href":"https:\/\/feinklang.be\/fr\/wp-json\/wp\/v2\/types\/page"}],"author":[{"embeddable":true,"href":"https:\/\/feinklang.be\/fr\/wp-json\/wp\/v2\/users\/1"}],"replies":[{"embeddable":true,"href":"https:\/\/feinklang.be\/fr\/wp-json\/wp\/v2\/comments?post=140"}],"version-history":[{"count":10,"href":"https:\/\/feinklang.be\/fr\/wp-json\/wp\/v2\/pages\/140\/revisions"}],"predecessor-version":[{"id":280,"href":"https:\/\/feinklang.be\/fr\/wp-json\/wp\/v2\/pages\/140\/revisions\/280"}],"wp:attachment":[{"href":"https:\/\/feinklang.be\/fr\/wp-json\/wp\/v2\/media?parent=140"}],"curies":[{"name":"wp","href":"https:\/\/api.w.org\/{rel}","templated":true}]}}